{"id":499,"date":"2026-04-08T07:07:29","date_gmt":"2026-04-08T07:07:29","guid":{"rendered":"https:\/\/infoiconstaging.com\/beardpride\/?post_type=product&#038;p=499"},"modified":"2026-04-08T12:14:48","modified_gmt":"2026-04-08T12:14:48","slug":"seife-alepposeife","status":"publish","type":"product","link":"https:\/\/infoiconstaging.com\/beardpride\/produkte\/seife-alepposeife\/","title":{"rendered":"Seife \/ Alepposeife"},"content":{"rendered":"<p><strong>Beschreibung<\/strong><br \/>\nbesonders milde Haarpflege, umweltfreundlich. Auf Basis aus Oliven-, Kokos-, Lorbeer-, Mandel- und Weizenkeim\u00f6l verseift.<br \/>\nSchwarzk\u00fcmmel\u00f6l ist reich an unges\u00e4ttigten Fetts\u00e4uren, wirkt desinfizierend und antibakteriell.<br \/>\nca. 100g<\/p>\n","protected":false},"excerpt":{"rendered":"<p>Beschreibung besonders milde Haarpflege, umweltfreundlich. Auf Basis aus Oliven-, Kokos-, Lorbeer-, Mandel- und Weizenkeim\u00f6l verseift. Schwarzk\u00fcmmel\u00f6l ist reich an unges\u00e4ttigten Fetts\u00e4uren, wirkt desinfizierend und antibakteriell. ca. 100g<\/p>\n","protected":false},"featured_media":516,"comment_status":"open","ping_status":"closed","template":"","meta":[],"product_brand":[],"product_cat":[45],"product_tag":[],"class_list":{"0":"post-499","1":"product","2":"type-product","3":"status-publish","4":"has-post-thumbnail","6":"product_cat-seife","8":"first","9":"instock","10":"taxable","11":"shipping-taxable","12":"purchasable","13":"product-type-simple"},"acf":[],"yoast_head":"<!-- This site is optimized with the Yoast SEO plugin v27.3 - https:\/\/yoast.com\/product\/yoast-seo-wordpress\/ -->\n<title>Seife \/ Alepposeife - BeardPride<\/title>\n<meta name=\"robots\" content=\"index, follow, max-snippet:-1, max-image-preview:large, max-video-preview:-1\" \/>\n<link rel=\"canonical\" href=\"https:\/\/infoiconstaging.com\/beardpride\/produkte\/seife-alepposeife\/\" \/>\n<meta property=\"og:locale\" content=\"en_US\" \/>\n<meta property=\"og:type\" content=\"article\" \/>\n<meta property=\"og:title\" content=\"Seife \/ Alepposeife - BeardPride\" \/>\n<meta property=\"og:description\" content=\"Beschreibung besonders milde Haarpflege, umweltfreundlich. Auf Basis aus Oliven-, Kokos-, Lorbeer-, Mandel- und Weizenkeim\u00f6l verseift. Schwarzk\u00fcmmel\u00f6l ist reich an unges\u00e4ttigten Fetts\u00e4uren, wirkt desinfizierend und antibakteriell. ca. 100g\" \/>\n<meta property=\"og:url\" content=\"https:\/\/infoiconstaging.com\/beardpride\/produkte\/seife-alepposeife\/\" \/>\n<meta property=\"og:site_name\" content=\"BeardPride\" \/>\n<meta property=\"article:modified_time\" content=\"2026-04-08T12:14:48+00:00\" \/>\n<meta property=\"og:image\" content=\"https:\/\/infoiconstaging.com\/beardpride\/wp-content\/uploads\/2026\/04\/beard-shop.png\" \/>\n\t<meta property=\"og:image:width\" content=\"600\" \/>\n\t<meta property=\"og:image:height\" content=\"600\" \/>\n\t<meta property=\"og:image:type\" content=\"image\/png\" \/>\n<meta name=\"twitter:card\" content=\"summary_large_image\" \/>\n<script type=\"application\/ld+json\" class=\"yoast-schema-graph\">{\"@context\":\"https:\\\/\\\/schema.org\",\"@graph\":[{\"@type\":\"WebPage\",\"@id\":\"https:\\\/\\\/infoiconstaging.com\\\/beardpride\\\/produkte\\\/seife-alepposeife\\\/\",\"url\":\"https:\\\/\\\/infoiconstaging.com\\\/beardpride\\\/produkte\\\/seife-alepposeife\\\/\",\"name\":\"Seife \\\/ Alepposeife - BeardPride\",\"isPartOf\":{\"@id\":\"https:\\\/\\\/infoiconstaging.com\\\/beardpride\\\/#website\"},\"primaryImageOfPage\":{\"@id\":\"https:\\\/\\\/infoiconstaging.com\\\/beardpride\\\/produkte\\\/seife-alepposeife\\\/#primaryimage\"},\"image\":{\"@id\":\"https:\\\/\\\/infoiconstaging.com\\\/beardpride\\\/produkte\\\/seife-alepposeife\\\/#primaryimage\"},\"thumbnailUrl\":\"https:\\\/\\\/infoiconstaging.com\\\/beardpride\\\/wp-content\\\/uploads\\\/2026\\\/04\\\/beard-shop.png\",\"datePublished\":\"2026-04-08T07:07:29+00:00\",\"dateModified\":\"2026-04-08T12:14:48+00:00\",\"breadcrumb\":{\"@id\":\"https:\\\/\\\/infoiconstaging.com\\\/beardpride\\\/produkte\\\/seife-alepposeife\\\/#breadcrumb\"},\"inLanguage\":\"en-US\",\"potentialAction\":[{\"@type\":\"ReadAction\",\"target\":[\"https:\\\/\\\/infoiconstaging.com\\\/beardpride\\\/produkte\\\/seife-alepposeife\\\/\"]}]},{\"@type\":\"ImageObject\",\"inLanguage\":\"en-US\",\"@id\":\"https:\\\/\\\/infoiconstaging.com\\\/beardpride\\\/produkte\\\/seife-alepposeife\\\/#primaryimage\",\"url\":\"https:\\\/\\\/infoiconstaging.com\\\/beardpride\\\/wp-content\\\/uploads\\\/2026\\\/04\\\/beard-shop.png\",\"contentUrl\":\"https:\\\/\\\/infoiconstaging.com\\\/beardpride\\\/wp-content\\\/uploads\\\/2026\\\/04\\\/beard-shop.png\",\"width\":600,\"height\":600},{\"@type\":\"BreadcrumbList\",\"@id\":\"https:\\\/\\\/infoiconstaging.com\\\/beardpride\\\/produkte\\\/seife-alepposeife\\\/#breadcrumb\",\"itemListElement\":[{\"@type\":\"ListItem\",\"position\":1,\"name\":\"Start\",\"item\":\"https:\\\/\\\/infoiconstaging.com\\\/beardpride\\\/\"},{\"@type\":\"ListItem\",\"position\":2,\"name\":\"Produkte\",\"item\":\"https:\\\/\\\/infoiconstaging.com\\\/beardpride\\\/shop\\\/\"},{\"@type\":\"ListItem\",\"position\":3,\"name\":\"Seife \\\/ Alepposeife\"}]},{\"@type\":\"WebSite\",\"@id\":\"https:\\\/\\\/infoiconstaging.com\\\/beardpride\\\/#website\",\"url\":\"https:\\\/\\\/infoiconstaging.com\\\/beardpride\\\/\",\"name\":\"BeardPride\",\"description\":\"\",\"publisher\":{\"@id\":\"https:\\\/\\\/infoiconstaging.com\\\/beardpride\\\/#organization\"},\"potentialAction\":[{\"@type\":\"SearchAction\",\"target\":{\"@type\":\"EntryPoint\",\"urlTemplate\":\"https:\\\/\\\/infoiconstaging.com\\\/beardpride\\\/?s={search_term_string}\"},\"query-input\":{\"@type\":\"PropertyValueSpecification\",\"valueRequired\":true,\"valueName\":\"search_term_string\"}}],\"inLanguage\":\"en-US\"},{\"@type\":\"Organization\",\"@id\":\"https:\\\/\\\/infoiconstaging.com\\\/beardpride\\\/#organization\",\"name\":\"BeardPride\",\"url\":\"https:\\\/\\\/infoiconstaging.com\\\/beardpride\\\/\",\"logo\":{\"@type\":\"ImageObject\",\"inLanguage\":\"en-US\",\"@id\":\"https:\\\/\\\/infoiconstaging.com\\\/beardpride\\\/#\\\/schema\\\/logo\\\/image\\\/\",\"url\":\"https:\\\/\\\/infoiconstaging.com\\\/beardpride\\\/wp-content\\\/uploads\\\/2026\\\/03\\\/logo-1.png\",\"contentUrl\":\"https:\\\/\\\/infoiconstaging.com\\\/beardpride\\\/wp-content\\\/uploads\\\/2026\\\/03\\\/logo-1.png\",\"width\":300,\"height\":300,\"caption\":\"BeardPride\"},\"image\":{\"@id\":\"https:\\\/\\\/infoiconstaging.com\\\/beardpride\\\/#\\\/schema\\\/logo\\\/image\\\/\"}}]}<\/script>\n<!-- \/ Yoast SEO plugin. -->","yoast_head_json":{"title":"Seife \/ Alepposeife - BeardPride","robots":{"index":"index","follow":"follow","max-snippet":"max-snippet:-1","max-image-preview":"max-image-preview:large","max-video-preview":"max-video-preview:-1"},"canonical":"https:\/\/infoiconstaging.com\/beardpride\/produkte\/seife-alepposeife\/","og_locale":"en_US","og_type":"article","og_title":"Seife \/ Alepposeife - BeardPride","og_description":"Beschreibung besonders milde Haarpflege, umweltfreundlich. Auf Basis aus Oliven-, Kokos-, Lorbeer-, Mandel- und Weizenkeim\u00f6l verseift. Schwarzk\u00fcmmel\u00f6l ist reich an unges\u00e4ttigten Fetts\u00e4uren, wirkt desinfizierend und antibakteriell. ca. 100g","og_url":"https:\/\/infoiconstaging.com\/beardpride\/produkte\/seife-alepposeife\/","og_site_name":"BeardPride","article_modified_time":"2026-04-08T12:14:48+00:00","og_image":[{"width":600,"height":600,"url":"https:\/\/infoiconstaging.com\/beardpride\/wp-content\/uploads\/2026\/04\/beard-shop.png","type":"image\/png"}],"twitter_card":"summary_large_image","schema":{"@context":"https:\/\/schema.org","@graph":[{"@type":"WebPage","@id":"https:\/\/infoiconstaging.com\/beardpride\/produkte\/seife-alepposeife\/","url":"https:\/\/infoiconstaging.com\/beardpride\/produkte\/seife-alepposeife\/","name":"Seife \/ Alepposeife - BeardPride","isPartOf":{"@id":"https:\/\/infoiconstaging.com\/beardpride\/#website"},"primaryImageOfPage":{"@id":"https:\/\/infoiconstaging.com\/beardpride\/produkte\/seife-alepposeife\/#primaryimage"},"image":{"@id":"https:\/\/infoiconstaging.com\/beardpride\/produkte\/seife-alepposeife\/#primaryimage"},"thumbnailUrl":"https:\/\/infoiconstaging.com\/beardpride\/wp-content\/uploads\/2026\/04\/beard-shop.png","datePublished":"2026-04-08T07:07:29+00:00","dateModified":"2026-04-08T12:14:48+00:00","breadcrumb":{"@id":"https:\/\/infoiconstaging.com\/beardpride\/produkte\/seife-alepposeife\/#breadcrumb"},"inLanguage":"en-US","potentialAction":[{"@type":"ReadAction","target":["https:\/\/infoiconstaging.com\/beardpride\/produkte\/seife-alepposeife\/"]}]},{"@type":"ImageObject","inLanguage":"en-US","@id":"https:\/\/infoiconstaging.com\/beardpride\/produkte\/seife-alepposeife\/#primaryimage","url":"https:\/\/infoiconstaging.com\/beardpride\/wp-content\/uploads\/2026\/04\/beard-shop.png","contentUrl":"https:\/\/infoiconstaging.com\/beardpride\/wp-content\/uploads\/2026\/04\/beard-shop.png","width":600,"height":600},{"@type":"BreadcrumbList","@id":"https:\/\/infoiconstaging.com\/beardpride\/produkte\/seife-alepposeife\/#breadcrumb","itemListElement":[{"@type":"ListItem","position":1,"name":"Start","item":"https:\/\/infoiconstaging.com\/beardpride\/"},{"@type":"ListItem","position":2,"name":"Produkte","item":"https:\/\/infoiconstaging.com\/beardpride\/shop\/"},{"@type":"ListItem","position":3,"name":"Seife \/ Alepposeife"}]},{"@type":"WebSite","@id":"https:\/\/infoiconstaging.com\/beardpride\/#website","url":"https:\/\/infoiconstaging.com\/beardpride\/","name":"BeardPride","description":"","publisher":{"@id":"https:\/\/infoiconstaging.com\/beardpride\/#organization"},"potentialAction":[{"@type":"SearchAction","target":{"@type":"EntryPoint","urlTemplate":"https:\/\/infoiconstaging.com\/beardpride\/?s={search_term_string}"},"query-input":{"@type":"PropertyValueSpecification","valueRequired":true,"valueName":"search_term_string"}}],"inLanguage":"en-US"},{"@type":"Organization","@id":"https:\/\/infoiconstaging.com\/beardpride\/#organization","name":"BeardPride","url":"https:\/\/infoiconstaging.com\/beardpride\/","logo":{"@type":"ImageObject","inLanguage":"en-US","@id":"https:\/\/infoiconstaging.com\/beardpride\/#\/schema\/logo\/image\/","url":"https:\/\/infoiconstaging.com\/beardpride\/wp-content\/uploads\/2026\/03\/logo-1.png","contentUrl":"https:\/\/infoiconstaging.com\/beardpride\/wp-content\/uploads\/2026\/03\/logo-1.png","width":300,"height":300,"caption":"BeardPride"},"image":{"@id":"https:\/\/infoiconstaging.com\/beardpride\/#\/schema\/logo\/image\/"}}]}},"_links":{"self":[{"href":"https:\/\/infoiconstaging.com\/beardpride\/wp-json\/wp\/v2\/product\/499","targetHints":{"allow":["GET"]}}],"collection":[{"href":"https:\/\/infoiconstaging.com\/beardpride\/wp-json\/wp\/v2\/product"}],"about":[{"href":"https:\/\/infoiconstaging.com\/beardpride\/wp-json\/wp\/v2\/types\/product"}],"replies":[{"embeddable":true,"href":"https:\/\/infoiconstaging.com\/beardpride\/wp-json\/wp\/v2\/comments?post=499"}],"wp:featuredmedia":[{"embeddable":true,"href":"https:\/\/infoiconstaging.com\/beardpride\/wp-json\/wp\/v2\/media\/516"}],"wp:attachment":[{"href":"https:\/\/infoiconstaging.com\/beardpride\/wp-json\/wp\/v2\/media?parent=499"}],"wp:term":[{"taxonomy":"product_brand","embeddable":true,"href":"https:\/\/infoiconstaging.com\/beardpride\/wp-json\/wp\/v2\/product_brand?post=499"},{"taxonomy":"product_cat","embeddable":true,"href":"https:\/\/infoiconstaging.com\/beardpride\/wp-json\/wp\/v2\/product_cat?post=499"},{"taxonomy":"product_tag","embeddable":true,"href":"https:\/\/infoiconstaging.com\/beardpride\/wp-json\/wp\/v2\/product_tag?post=499"}],"curies":[{"name":"wp","href":"https:\/\/api.w.org\/{rel}","templated":true}]}}